{"id":1759,"date":"2024-01-15T21:56:23","date_gmt":"2024-01-15T19:56:23","guid":{"rendered":"https:\/\/thedanai.com\/more\/"},"modified":"2024-02-07T15:58:11","modified_gmt":"2024-02-07T13:58:11","slug":"more","status":"publish","type":"page","link":"https:\/\/thedanai.com\/de\/more\/","title":{"rendered":"MEHR"},"content":{"rendered":"<p>Es gibt mehr zu erleben als der Alltag manchmal zurl\u00e4sst, doch im Urlaub bei uns endlich nicht mehr zu kurz kommt: Spazierg\u00e4nge durch die Natur, ein gutes Buch, Gel\u00e4ndespiele f\u00fcr Kinder oder nat\u00fcrlich ein zauberhaft gestalteter Abend am besonderen Anlass!<\/p>\n<p>&nbsp;<\/p>\n","protected":false},"excerpt":{"rendered":"<p>Es gibt mehr zu erleben als der Alltag manchmal zurl\u00e4sst, doch im Urlaub bei uns endlich nicht mehr zu kurz kommt: Spazierg\u00e4nge durch die Natur, ein gutes Buch, Gel\u00e4ndespiele f\u00fcr Kinder oder nat\u00fcrlich ein zauberhaft gestalteter Abend am besonderen Anlass!&hellip;<\/p>\n","protected":false},"author":1,"featured_media":0,"parent":0,"menu_order":0,"comment_status":"closed","ping_status":"closed","template":"kobo\/living.php","meta":{"_acf_changed":false,"footnotes":""},"class_list":["post-1759","page","type-page","status-publish","hentry","entry","no-media"],"acf":[],"aioseo_notices":[],"_links":{"self":[{"href":"https:\/\/thedanai.com\/de\/wp-json\/wp\/v2\/pages\/1759","targetHints":{"allow":["GET"]}}],"collection":[{"href":"https:\/\/thedanai.com\/de\/wp-json\/wp\/v2\/pages"}],"about":[{"href":"https:\/\/thedanai.com\/de\/wp-json\/wp\/v2\/types\/page"}],"author":[{"embeddable":true,"href":"https:\/\/thedanai.com\/de\/wp-json\/wp\/v2\/users\/1"}],"replies":[{"embeddable":true,"href":"https:\/\/thedanai.com\/de\/wp-json\/wp\/v2\/comments?post=1759"}],"version-history":[{"count":3,"href":"https:\/\/thedanai.com\/de\/wp-json\/wp\/v2\/pages\/1759\/revisions"}],"predecessor-version":[{"id":1870,"href":"https:\/\/thedanai.com\/de\/wp-json\/wp\/v2\/pages\/1759\/revisions\/1870"}],"wp:attachment":[{"href":"https:\/\/thedanai.com\/de\/wp-json\/wp\/v2\/media?parent=1759"}],"curies":[{"name":"wp","href":"https:\/\/api.w.org\/{rel}","templated":true}]}}