{"id":1760,"date":"2023-12-19T09:27:09","date_gmt":"2023-12-19T07:27:09","guid":{"rendered":"https:\/\/thedanai.com\/experiences\/"},"modified":"2024-02-07T12:36:11","modified_gmt":"2024-02-07T10:36:11","slug":"experiences","status":"publish","type":"page","link":"https:\/\/thedanai.com\/de\/experiences\/","title":{"rendered":"ERLEBNISSE"},"content":{"rendered":"<p>Wir m\u00f6chten Ihren Aufenthalt nicht nur personalisieren, sondern nehmen ihn ganz pers\u00f6nlich! Ob Sie w\u00e4hrend Ihres Besuchs die schmackhaftesten, romantischsten, entspanntesten oder aufregendsten Momente des Jahres erleben wollen liegt ganz in Ihrer Hand, die Umsetzung nehmen wir in unsere.<\/p>\n","protected":false},"excerpt":{"rendered":"<p>Wir m\u00f6chten Ihren Aufenthalt nicht nur personalisieren, sondern nehmen ihn ganz pers\u00f6nlich! Ob Sie w\u00e4hrend Ihres Besuchs die schmackhaftesten, romantischsten, entspanntesten oder aufregendsten Momente des Jahres erleben wollen liegt ganz in Ihrer Hand, die Umsetzung nehmen wir in unsere.<\/p>\n","protected":false},"author":1,"featured_media":0,"parent":0,"menu_order":0,"comment_status":"closed","ping_status":"closed","template":"kobo\/experiences.php","meta":{"_acf_changed":false,"footnotes":""},"class_list":["post-1760","page","type-page","status-publish","hentry","entry","no-media"],"acf":[],"aioseo_notices":[],"_links":{"self":[{"href":"https:\/\/thedanai.com\/de\/wp-json\/wp\/v2\/pages\/1760","targetHints":{"allow":["GET"]}}],"collection":[{"href":"https:\/\/thedanai.com\/de\/wp-json\/wp\/v2\/pages"}],"about":[{"href":"https:\/\/thedanai.com\/de\/wp-json\/wp\/v2\/types\/page"}],"author":[{"embeddable":true,"href":"https:\/\/thedanai.com\/de\/wp-json\/wp\/v2\/users\/1"}],"replies":[{"embeddable":true,"href":"https:\/\/thedanai.com\/de\/wp-json\/wp\/v2\/comments?post=1760"}],"version-history":[{"count":3,"href":"https:\/\/thedanai.com\/de\/wp-json\/wp\/v2\/pages\/1760\/revisions"}],"predecessor-version":[{"id":1864,"href":"https:\/\/thedanai.com\/de\/wp-json\/wp\/v2\/pages\/1760\/revisions\/1864"}],"wp:attachment":[{"href":"https:\/\/thedanai.com\/de\/wp-json\/wp\/v2\/media?parent=1760"}],"curies":[{"name":"wp","href":"https:\/\/api.w.org\/{rel}","templated":true}]}}