{"id":1770,"date":"2023-12-17T19:09:50","date_gmt":"2023-12-17T17:09:50","guid":{"rendered":"https:\/\/thedanai.com\/spa-fitness\/"},"modified":"2024-06-20T14:17:42","modified_gmt":"2024-06-20T12:17:42","slug":"spa-fitness","status":"publish","type":"page","link":"https:\/\/thedanai.com\/de\/spa-fitness\/","title":{"rendered":"SPA &#038; FITNESS"},"content":{"rendered":"<p>Dem rastlosen Danai-Team steht der Sinn wieder nach etwas Neuem f\u00fcr seine G\u00e4ste! Zur Er\u00f6ffnung 2024 pr\u00e4sentieren wir eine brandneue 900 qm gro\u00dfe SPA- und Fitnessoase! Unser SPA-Team hei\u00dft Sie ab dann im neuen Wellnesstempel willkommen um sich wieder ganz Ihrer inneren und \u00e4u\u00dferen Sch\u00f6nheit zu widmen und Sie in einer glanzvollen Umgebung zu verw\u00f6hnen.<\/p>\n<p>&nbsp;<\/p>\n","protected":false},"excerpt":{"rendered":"<p>Dem rastlosen Danai-Team steht der Sinn wieder nach etwas Neuem f\u00fcr seine G\u00e4ste! Zur Er\u00f6ffnung 2024 pr\u00e4sentieren wir eine brandneue 900 qm gro\u00dfe SPA- und Fitnessoase! Unser SPA-Team hei\u00dft Sie ab dann im neuen Wellnesstempel willkommen um sich wieder ganz&hellip;<\/p>\n","protected":false},"author":1,"featured_media":0,"parent":0,"menu_order":0,"comment_status":"closed","ping_status":"closed","template":"kobo\/spa.php","meta":{"_acf_changed":false,"footnotes":""},"class_list":["post-1770","page","type-page","status-publish","hentry","entry","no-media"],"acf":[],"aioseo_notices":[],"_links":{"self":[{"href":"https:\/\/thedanai.com\/de\/wp-json\/wp\/v2\/pages\/1770","targetHints":{"allow":["GET"]}}],"collection":[{"href":"https:\/\/thedanai.com\/de\/wp-json\/wp\/v2\/pages"}],"about":[{"href":"https:\/\/thedanai.com\/de\/wp-json\/wp\/v2\/types\/page"}],"author":[{"embeddable":true,"href":"https:\/\/thedanai.com\/de\/wp-json\/wp\/v2\/users\/1"}],"replies":[{"embeddable":true,"href":"https:\/\/thedanai.com\/de\/wp-json\/wp\/v2\/comments?post=1770"}],"version-history":[{"count":3,"href":"https:\/\/thedanai.com\/de\/wp-json\/wp\/v2\/pages\/1770\/revisions"}],"predecessor-version":[{"id":2542,"href":"https:\/\/thedanai.com\/de\/wp-json\/wp\/v2\/pages\/1770\/revisions\/2542"}],"wp:attachment":[{"href":"https:\/\/thedanai.com\/de\/wp-json\/wp\/v2\/media?parent=1770"}],"curies":[{"name":"wp","href":"https:\/\/api.w.org\/{rel}","templated":true}]}}