{"id":1771,"date":"2023-12-17T19:09:35","date_gmt":"2023-12-17T17:09:35","guid":{"rendered":"https:\/\/thedanai.com\/beach\/"},"modified":"2025-07-17T10:14:31","modified_gmt":"2025-07-17T08:14:31","slug":"beach","status":"publish","type":"page","link":"https:\/\/thedanai.com\/de\/beach\/","title":{"rendered":"STRAND"},"content":{"rendered":"<p>An unserem 300 meter langen Privatstrand trifft verw\u00f6hnender Luxus auf die paradiesische Sch\u00f6nheit Sithonias. Sonnenliegen, sichtegsch\u00fctzte Daybeds, private Cabanas mit eigenem Strandabschnitt und ein Strandteam das f\u00fcr ihr Wohlergehen sorgt.<\/p>\n","protected":false},"excerpt":{"rendered":"<p>An unserem 300 meter langen Privatstrand trifft verw\u00f6hnender Luxus auf die paradiesische Sch\u00f6nheit Sithonias. Sonnenliegen, sichtegsch\u00fctzte Daybeds, private Cabanas mit eigenem Strandabschnitt und ein Strandteam das f\u00fcr ihr Wohlergehen sorgt.<\/p>\n","protected":false},"author":1,"featured_media":0,"parent":0,"menu_order":0,"comment_status":"closed","ping_status":"closed","template":"kobo\/beach.php","meta":{"_acf_changed":false,"footnotes":""},"class_list":["post-1771","page","type-page","status-publish","hentry","entry","no-media"],"acf":[],"aioseo_notices":[],"_links":{"self":[{"href":"https:\/\/thedanai.com\/de\/wp-json\/wp\/v2\/pages\/1771","targetHints":{"allow":["GET"]}}],"collection":[{"href":"https:\/\/thedanai.com\/de\/wp-json\/wp\/v2\/pages"}],"about":[{"href":"https:\/\/thedanai.com\/de\/wp-json\/wp\/v2\/types\/page"}],"author":[{"embeddable":true,"href":"https:\/\/thedanai.com\/de\/wp-json\/wp\/v2\/users\/1"}],"replies":[{"embeddable":true,"href":"https:\/\/thedanai.com\/de\/wp-json\/wp\/v2\/comments?post=1771"}],"version-history":[{"count":3,"href":"https:\/\/thedanai.com\/de\/wp-json\/wp\/v2\/pages\/1771\/revisions"}],"predecessor-version":[{"id":3050,"href":"https:\/\/thedanai.com\/de\/wp-json\/wp\/v2\/pages\/1771\/revisions\/3050"}],"wp:attachment":[{"href":"https:\/\/thedanai.com\/de\/wp-json\/wp\/v2\/media?parent=1771"}],"curies":[{"name":"wp","href":"https:\/\/api.w.org\/{rel}","templated":true}]}}