{"id":1773,"date":"2023-12-17T19:09:02","date_gmt":"2023-12-17T17:09:02","guid":{"rendered":"https:\/\/thedanai.com\/suites-villas\/"},"modified":"2024-02-05T16:10:49","modified_gmt":"2024-02-05T14:10:49","slug":"suites-villas","status":"publish","type":"page","link":"https:\/\/thedanai.com\/de\/suites-villas\/","title":{"rendered":"Suiten &#038; Villen"},"content":{"rendered":"<p>Seit Danai und Otto Riefenstahl erstmals die T\u00fcren des Danais f\u00fcr Reisende \u00f6ffneten gestaltet das Eigent\u00fcmerpaar ihre 56 individuell eingerichteten Suiten und Villen mit erlesenem Geschmack und unverkennbarer pers\u00f6nlicher Note.<\/p>\n","protected":false},"excerpt":{"rendered":"<p>Seit Danai und Otto Riefenstahl erstmals die T\u00fcren des Danais f\u00fcr Reisende \u00f6ffneten gestaltet das Eigent\u00fcmerpaar ihre 56 individuell eingerichteten Suiten und Villen mit erlesenem Geschmack und unverkennbarer pers\u00f6nlicher Note.<\/p>\n","protected":false},"author":1,"featured_media":0,"parent":0,"menu_order":0,"comment_status":"closed","ping_status":"closed","template":"kobo\/rooms.php","meta":{"_acf_changed":false,"footnotes":""},"class_list":["post-1773","page","type-page","status-publish","hentry","entry","no-media"],"acf":[],"aioseo_notices":[],"_links":{"self":[{"href":"https:\/\/thedanai.com\/de\/wp-json\/wp\/v2\/pages\/1773","targetHints":{"allow":["GET"]}}],"collection":[{"href":"https:\/\/thedanai.com\/de\/wp-json\/wp\/v2\/pages"}],"about":[{"href":"https:\/\/thedanai.com\/de\/wp-json\/wp\/v2\/types\/page"}],"author":[{"embeddable":true,"href":"https:\/\/thedanai.com\/de\/wp-json\/wp\/v2\/users\/1"}],"replies":[{"embeddable":true,"href":"https:\/\/thedanai.com\/de\/wp-json\/wp\/v2\/comments?post=1773"}],"version-history":[{"count":3,"href":"https:\/\/thedanai.com\/de\/wp-json\/wp\/v2\/pages\/1773\/revisions"}],"predecessor-version":[{"id":1825,"href":"https:\/\/thedanai.com\/de\/wp-json\/wp\/v2\/pages\/1773\/revisions\/1825"}],"wp:attachment":[{"href":"https:\/\/thedanai.com\/de\/wp-json\/wp\/v2\/media?parent=1773"}],"curies":[{"name":"wp","href":"https:\/\/api.w.org\/{rel}","templated":true}]}}