{"id":1774,"date":"2023-12-17T19:08:27","date_gmt":"2023-12-17T17:08:27","guid":{"rendered":"https:\/\/thedanai.com\/home\/"},"modified":"2025-06-30T14:55:40","modified_gmt":"2025-06-30T12:55:40","slug":"home","status":"publish","type":"page","link":"https:\/\/thedanai.com\/de\/","title":{"rendered":"STARTSEITE"},"content":{"rendered":"<p>Est. 1975<\/p>\n<p>Das Danai, ein Mitglied der \u201cLeading Hotel of the World\u201c ist ein familiengef\u00fchrtes Refugium an der \u00c4g\u00e4is. Mit seinem wei\u00dfen Sandstrand und einzigartigen Suiten und Villen liegt das Danai an einem bezaubernden, nat\u00fcrlichen K\u00fcstenstreifen der sattgr\u00fcnen Halbinsel Chalkidiki.<\/p>\n<p>&nbsp;<\/p>\n","protected":false},"excerpt":{"rendered":"<p>Est. 1975 Das Danai, ein Mitglied der \u201cLeading Hotel of the World\u201c ist ein familiengef\u00fchrtes Refugium an der \u00c4g\u00e4is. Mit seinem wei\u00dfen Sandstrand und einzigartigen Suiten und Villen liegt das Danai an einem bezaubernden, nat\u00fcrlichen K\u00fcstenstreifen der sattgr\u00fcnen Halbinsel Chalkidiki.&hellip;<\/p>\n","protected":false},"author":1,"featured_media":0,"parent":0,"menu_order":0,"comment_status":"closed","ping_status":"closed","template":"kobo\/home.php","meta":{"_acf_changed":false,"footnotes":""},"class_list":["post-1774","page","type-page","status-publish","hentry","entry","no-media"],"acf":[],"aioseo_notices":[],"_links":{"self":[{"href":"https:\/\/thedanai.com\/de\/wp-json\/wp\/v2\/pages\/1774","targetHints":{"allow":["GET"]}}],"collection":[{"href":"https:\/\/thedanai.com\/de\/wp-json\/wp\/v2\/pages"}],"about":[{"href":"https:\/\/thedanai.com\/de\/wp-json\/wp\/v2\/types\/page"}],"author":[{"embeddable":true,"href":"https:\/\/thedanai.com\/de\/wp-json\/wp\/v2\/users\/1"}],"replies":[{"embeddable":true,"href":"https:\/\/thedanai.com\/de\/wp-json\/wp\/v2\/comments?post=1774"}],"version-history":[{"count":13,"href":"https:\/\/thedanai.com\/de\/wp-json\/wp\/v2\/pages\/1774\/revisions"}],"predecessor-version":[{"id":3046,"href":"https:\/\/thedanai.com\/de\/wp-json\/wp\/v2\/pages\/1774\/revisions\/3046"}],"wp:attachment":[{"href":"https:\/\/thedanai.com\/de\/wp-json\/wp\/v2\/media?parent=1774"}],"curies":[{"name":"wp","href":"https:\/\/api.w.org\/{rel}","templated":true}]}}